{"id":91,"date":"2021-05-14T00:20:15","date_gmt":"2021-05-13T22:20:15","guid":{"rendered":"http:\/\/assai.org\/?page_id=91"},"modified":"2022-08-07T19:45:42","modified_gmt":"2022-08-07T17:45:42","slug":"presse","status":"publish","type":"page","link":"https:\/\/assai.org\/?page_id=91&lang=fr","title":{"rendered":"Presse &#038; M\u00e9dias"},"content":{"rendered":"\n<figure class=\"wp-block-embed is-type-video is-provider-youtube wp-block-embed-youtube wp-embed-aspect-16-9 wp-has-aspect-ratio\"><div class=\"wp-block-embed__wrapper\">\n<iframe loading=\"lazy\" title=\"Honfleur : exposition des calligraphies de l&#039;artiste japonaise Mariko Assai\" width=\"750\" height=\"422\" src=\"https:\/\/www.youtube.com\/embed\/sWzKkejIVzw?feature=oembed\" frameborder=\"0\" allow=\"accelerometer; autoplay; clipboard-write; encrypted-media; gyroscope; picture-in-picture\" allowfullscreen><\/iframe>\n<\/div><figcaption>Reportage de France 3 sur l&rsquo;exposition \u00e0 la M\u00e9diath\u00e8que de Honfleur, en pr\u00e9sence d&rsquo;<a rel=\"noreferrer noopener\" href=\"https:\/\/fr.wikipedia.org\/wiki\/Erik_Orsenna\" target=\"_blank\">\u00c9ric Orsenna<\/a>, qui \u00e9voque l&rsquo;\u0153uvre de Mariko.<br> \u30a8\u30ea\u30c3\u30af\u30fb\u30aa\u30eb\u30bb\u30f3\u30ca\u6c0f\u304c\u30de\u30ea\u30b3\u306e\u4f5c\u54c1\u306b\u3064\u3044\u3066\u8a9e\u308b\u4e2d\u3001\u30aa\u30f3\u30d5\u30eb\u30fc\u30eb\u306eM\u00e9diath\u00e8que\u3067\u958b\u50ac\u3055\u308c\u305f\u5c55\u89a7\u4f1a\u306e\u69d8\u5b50\u3092France 3\u304c\u30ec\u30dd\u30fc\u30c8\u3057\u3066\u3044\u307e\u3059\u3002<\/figcaption><\/figure>\n\n\n\n<hr class=\"wp-block-separator has-css-opacity\"\/>\n\n\n\n<figure class=\"wp-block-image size-large\"><img loading=\"lazy\" width=\"944\" height=\"1024\" src=\"http:\/\/assai.org\/wp-content\/uploads\/2021\/05\/2019-02-6-PA-8fev19-bis-944x1024.jpg\" alt=\"\" class=\"wp-image-92\" srcset=\"https:\/\/assai.org\/wp-content\/uploads\/2021\/05\/2019-02-6-PA-8fev19-bis-944x1024.jpg 944w, https:\/\/assai.org\/wp-content\/uploads\/2021\/05\/2019-02-6-PA-8fev19-bis-277x300.jpg 277w, https:\/\/assai.org\/wp-content\/uploads\/2021\/05\/2019-02-6-PA-8fev19-bis-768x833.jpg 768w, https:\/\/assai.org\/wp-content\/uploads\/2021\/05\/2019-02-6-PA-8fev19-bis-1416x1536.jpg 1416w, https:\/\/assai.org\/wp-content\/uploads\/2021\/05\/2019-02-6-PA-8fev19-bis-1888x2048.jpg 1888w, https:\/\/assai.org\/wp-content\/uploads\/2021\/05\/2019-02-6-PA-8fev19-bis-1568x1701.jpg 1568w\" sizes=\"(max-width: 944px) 100vw, 944px\" \/><\/figure>\n\n\n\n<hr class=\"wp-block-separator has-css-opacity\"\/>\n\n\n\n<figure class=\"wp-block-embed is-type-video is-provider-youtube wp-block-embed-youtube wp-embed-aspect-16-9 wp-has-aspect-ratio\"><div class=\"wp-block-embed__wrapper\">\n<iframe loading=\"lazy\" title=\"Les Jeux de Dames  pr\u00e9sentent Mariko Beltrando-Assa\u00ef peintre calligraphe\" width=\"750\" height=\"422\" src=\"https:\/\/www.youtube.com\/embed\/QAk63oxlJHk?feature=oembed\" frameborder=\"0\" allow=\"accelerometer; autoplay; clipboard-write; encrypted-media; gyroscope; picture-in-picture\" allowfullscreen><\/iframe>\n<\/div><figcaption><a rel=\"noreferrer noopener\" href=\"https:\/\/lesjeuxdedames.com\/portfolio\/mariko-assai\/\" target=\"_blank\">Jeux de Dames <\/a>(\u00e0 Fontainebleau) fait un reportage sur l&rsquo;atelier de Mariko. <br>Jeux de Dames\uff08\u30d5\u30a9\u30f3\u30c6\u30fc\u30cc\u30d6\u30ed\u30fc\uff09\u3067\u306f\u3001\u771f\u7406\u5b50\u3055\u3093\u306e\u30ef\u30fc\u30af\u30b7\u30e7\u30c3\u30d7\u306e\u69d8\u5b50\u3092\u30ec\u30dd\u30fc\u30c8\u3057\u3066\u3044\u307e\u3059\u3002<\/figcaption><\/figure>\n\n\n\n<p><\/p>\n\n\n\n<hr class=\"wp-block-separator has-css-opacity\"\/>\n\n\n\n<figure class=\"wp-block-video\"><video controls src=\"http:\/\/assai.org\/wp-content\/uploads\/2021\/05\/2019-05-Maison-Fujita-Le-13-heures-du-19-mai-2019-nuit-des-musees.mkv\"><\/video><figcaption>Mariko \u00e0 la <a rel=\"noreferrer noopener\" href=\"https:\/\/www.fondation-foujita.org\/la-maison-atelier-foujita-3\/\" target=\"_blank\">maison-atelier Fujita<\/a>, au 13h de TF1. <br>TF1\u306e\u5348\u5f8c1\u6642\u306e\u30cb\u30e5\u30fc\u30b9\u3067\u3001\u85e4\u7530\u5de5\u4f5c\u6240\u306e\u30de\u30ea\u30b3\u3055\u3093\u304c\u767b\u5834\u3057\u307e\u3057\u305f\u3002<\/figcaption><\/figure>\n\n\n\n<hr class=\"wp-block-separator has-css-opacity\"\/>\n\n\n\n<figure class=\"wp-block-embed is-type-video is-provider-youtube wp-block-embed-youtube wp-embed-aspect-4-3 wp-has-aspect-ratio\"><div class=\"wp-block-embed__wrapper\">\n<iframe loading=\"lazy\" title=\"Vernissage de Mariko Assai, artiste peintre calligraphe, \u00e0 Ris-Orangis\" width=\"750\" height=\"563\" src=\"https:\/\/www.youtube.com\/embed\/nkxUHG6fABw?start=9&#038;feature=oembed\" frameborder=\"0\" allow=\"accelerometer; autoplay; clipboard-write; encrypted-media; gyroscope; picture-in-picture\" allowfullscreen><\/iframe>\n<\/div><figcaption>Vernissage de Mariko au Centre Culturel Robert Desnos \u00e0 Ris-Orangis (Essonne).<br> \u30ea\u30b9\u30fb\u30aa\u30e9\u30f3\u30b8\uff08\u30a8\u30bd\u30f3\u30cc\u770c\uff09\u306e\u30ed\u30d9\u30fc\u30eb\u30fb\u30c7\u30b9\u30ce\u6587\u5316\u30bb\u30f3\u30bf\u30fc\u3067\u306eMariko\u306e\u30aa\u30fc\u30d7\u30cb\u30f3\u30b0\u3002<\/figcaption><\/figure>\n\n\n\n<hr class=\"wp-block-separator has-css-opacity\"\/>\n\n\n\n<figure class=\"wp-block-image size-large\"><img loading=\"lazy\" width=\"377\" height=\"1024\" src=\"http:\/\/assai.org\/wp-content\/uploads\/2021\/05\/2019-02-9-France-Info-12fev19-377x1024.jpg\" alt=\"\" class=\"wp-image-93\" srcset=\"https:\/\/assai.org\/wp-content\/uploads\/2021\/05\/2019-02-9-France-Info-12fev19-377x1024.jpg 377w, https:\/\/assai.org\/wp-content\/uploads\/2021\/05\/2019-02-9-France-Info-12fev19-111x300.jpg 111w, https:\/\/assai.org\/wp-content\/uploads\/2021\/05\/2019-02-9-France-Info-12fev19-566x1536.jpg 566w, https:\/\/assai.org\/wp-content\/uploads\/2021\/05\/2019-02-9-France-Info-12fev19.jpg 700w\" sizes=\"(max-width: 377px) 100vw, 377px\" \/><\/figure>\n\n\n\n<hr class=\"wp-block-separator has-css-opacity\"\/>\n\n\n\n<figure class=\"wp-block-image size-large\"><img loading=\"lazy\" width=\"733\" height=\"1024\" src=\"http:\/\/assai.org\/wp-content\/uploads\/2021\/05\/2019-02-3-OF-7fev19-733x1024.jpg\" alt=\"\" class=\"wp-image-94\" srcset=\"https:\/\/assai.org\/wp-content\/uploads\/2021\/05\/2019-02-3-OF-7fev19-733x1024.jpg 733w, https:\/\/assai.org\/wp-content\/uploads\/2021\/05\/2019-02-3-OF-7fev19-215x300.jpg 215w, https:\/\/assai.org\/wp-content\/uploads\/2021\/05\/2019-02-3-OF-7fev19-768x1073.jpg 768w, https:\/\/assai.org\/wp-content\/uploads\/2021\/05\/2019-02-3-OF-7fev19-1100x1536.jpg 1100w, https:\/\/assai.org\/wp-content\/uploads\/2021\/05\/2019-02-3-OF-7fev19-1467x2048.jpg 1467w, https:\/\/assai.org\/wp-content\/uploads\/2021\/05\/2019-02-3-OF-7fev19-1568x2190.jpg 1568w, https:\/\/assai.org\/wp-content\/uploads\/2021\/05\/2019-02-3-OF-7fev19-scaled.jpg 1833w\" sizes=\"(max-width: 733px) 100vw, 733px\" \/><\/figure>\n\n\n\n<hr class=\"wp-block-separator has-css-opacity\"\/>\n\n\n\n<figure class=\"wp-block-image size-large\"><img loading=\"lazy\" width=\"603\" height=\"1024\" src=\"http:\/\/assai.org\/wp-content\/uploads\/2021\/05\/2019-02-5-France-3-region-8fev19-603x1024.jpg\" alt=\"\" class=\"wp-image-95\" srcset=\"https:\/\/assai.org\/wp-content\/uploads\/2021\/05\/2019-02-5-France-3-region-8fev19-603x1024.jpg 603w, https:\/\/assai.org\/wp-content\/uploads\/2021\/05\/2019-02-5-France-3-region-8fev19-177x300.jpg 177w, https:\/\/assai.org\/wp-content\/uploads\/2021\/05\/2019-02-5-France-3-region-8fev19-768x1305.jpg 768w, https:\/\/assai.org\/wp-content\/uploads\/2021\/05\/2019-02-5-France-3-region-8fev19-904x1536.jpg 904w, https:\/\/assai.org\/wp-content\/uploads\/2021\/05\/2019-02-5-France-3-region-8fev19-1205x2048.jpg 1205w, https:\/\/assai.org\/wp-content\/uploads\/2021\/05\/2019-02-5-France-3-region-8fev19.jpg 1338w\" sizes=\"(max-width: 603px) 100vw, 603px\" \/><\/figure>\n\n\n\n<hr class=\"wp-block-separator has-css-opacity\"\/>\n\n\n\n<figure class=\"wp-block-image size-large\"><img loading=\"lazy\" width=\"1024\" height=\"663\" src=\"http:\/\/assai.org\/wp-content\/uploads\/2021\/05\/2019-02-2-PA-5fev19-1024x663.jpg\" alt=\"\" class=\"wp-image-96\" srcset=\"https:\/\/assai.org\/wp-content\/uploads\/2021\/05\/2019-02-2-PA-5fev19-1024x663.jpg 1024w, https:\/\/assai.org\/wp-content\/uploads\/2021\/05\/2019-02-2-PA-5fev19-300x194.jpg 300w, https:\/\/assai.org\/wp-content\/uploads\/2021\/05\/2019-02-2-PA-5fev19-768x497.jpg 768w, https:\/\/assai.org\/wp-content\/uploads\/2021\/05\/2019-02-2-PA-5fev19-1536x994.jpg 1536w, https:\/\/assai.org\/wp-content\/uploads\/2021\/05\/2019-02-2-PA-5fev19-2048x1325.jpg 2048w, https:\/\/assai.org\/wp-content\/uploads\/2021\/05\/2019-02-2-PA-5fev19-1568x1015.jpg 1568w\" sizes=\"(max-width: 1024px) 100vw, 1024px\" \/><\/figure>\n","protected":false},"excerpt":{"rendered":"","protected":false},"author":1,"featured_media":0,"parent":0,"menu_order":0,"comment_status":"closed","ping_status":"closed","template":"","meta":[],"_links":{"self":[{"href":"https:\/\/assai.org\/index.php?rest_route=\/wp\/v2\/pages\/91"}],"collection":[{"href":"https:\/\/assai.org\/index.php?rest_route=\/wp\/v2\/pages"}],"about":[{"href":"https:\/\/assai.org\/index.php?rest_route=\/wp\/v2\/types\/page"}],"author":[{"embeddable":true,"href":"https:\/\/assai.org\/index.php?rest_route=\/wp\/v2\/users\/1"}],"replies":[{"embeddable":true,"href":"https:\/\/assai.org\/index.php?rest_route=%2Fwp%2Fv2%2Fcomments&post=91"}],"version-history":[{"count":8,"href":"https:\/\/assai.org\/index.php?rest_route=\/wp\/v2\/pages\/91\/revisions"}],"predecessor-version":[{"id":165,"href":"https:\/\/assai.org\/index.php?rest_route=\/wp\/v2\/pages\/91\/revisions\/165"}],"wp:attachment":[{"href":"https:\/\/assai.org\/index.php?rest_route=%2Fwp%2Fv2%2Fmedia&parent=91"}],"curies":[{"name":"wp","href":"https:\/\/api.w.org\/{rel}","templated":true}]}}