{"id":59,"date":"2021-05-13T19:28:31","date_gmt":"2021-05-13T17:28:31","guid":{"rendered":"http:\/\/assai.org\/?page_id=59"},"modified":"2022-08-08T11:42:09","modified_gmt":"2022-08-08T09:42:09","slug":"prestations","status":"publish","type":"page","link":"http:\/\/assai.org\/?page_id=59&lang=fr","title":{"rendered":"Prestations"},"content":{"rendered":"\n<p>Les interventions et prestations de Mariko que Mariko peut r\u00e9aliser pour votre association ou \u00e9cole :<\/p>\n\n\n\n<ol><li>Des ateliers de Calligraphie et de ha\u00efkus, de deux heures. Pour un maximum de 15 personnes. Toutes les fournitures sont amen\u00e9es (papier japonais, encre sumi, pinceaux japonais, protections des tables, &#8230;)<\/li><li>Des d\u00e9monstrations de calligraphie de grand format. Faite en Kimono traditionnel. Sans limite de participants, sauf celle impos\u00e9e par les lieux.<\/li><li>Exposition de Calligraphies, de ha\u00ef-ga et de tableaux gansa\u00ef. Il faut assurer les \u0153uvres contre le vol et les d\u00e9gradations.<\/li><li>La mise en place d&rsquo;un atelier de cr\u00e9ation d&rsquo;oeuvres gansa\u00ef de petit format. Elle n\u00e9cessite une logistique assez importante, qui n\u00e9cessite d&rsquo;\u00e9tudier la faisabilit\u00e9 au pr\u00e9alable dans vos locaux.&nbsp; Pour 8 personnes maximum, et d&rsquo;une dur\u00e9e de 2 heures. <\/li><li>Des ateliers de cr\u00e9ations de ha\u00ef-ga, encre sumi et aquarelles japonaises, ils allient calligraphie, po\u00e9sie et couleurs. Pour environ 8 personnes. <\/li><\/ol>\n\n\n\n<p>Pour ces trois ateliers de&nbsp;calligraphie, ha\u00ef-ga et gansa\u00ef, les participants vont cr\u00e9er eux-m\u00eames des oeuvres, dirig\u00e9s par Mariko, et les conserver  bien sur.<\/p>\n\n\n\n<p>Elle demande \u00e0 chacun un th\u00e8me, en encourageant \u00e0 puiser dans la culture humaniste qui leur est la plus proche, elle peut sugg\u00e9rer des petits po\u00e8mes de Cocteau, de Victor Hugo, des haikus de Basho ou de Issa, des sutras, &#8230; Et ensuite leur montre comment faire; guide leur main; \u00e9ventuellement finalise l&rsquo;\u0153uvre que chacun va pouvoir ensuite ramener chez lui, et qui lui reste acquise. Elle apposera dessus la signature en japonais du participant.<\/p>\n\n\n\n<p>Toutes les pr\u00e9sentations sont faites en kimono traditionnel japonais, sauf les ateliers gansa\u00ef qui sont faits avec un kimono l\u00e9ger, pour des raisons pratiques. Tous les papiers utilis\u00e9s sont import\u00e9s du Japon, ainsi que les pigments min\u00e9raux et v\u00e9g\u00e9taux pour les aquarelles, et bien entendu l&rsquo;encre sumi et les pinceaux.<\/p>\n\n\n\n<p>Ces ateliers comprennent aussi une d\u00e9monstration faite par Mariko, seule, pr\u00e9alable aux travaux individuels, pendant laquelle elle explique la technique et son historique.<\/p>\n\n\n\n<hr class=\"wp-block-separator has-css-opacity\"\/>\n\n\n\n<p><\/p>\n","protected":false},"excerpt":{"rendered":"<p>Les interventions et prestations de Mariko que Mariko peut r\u00e9aliser pour votre association ou \u00e9cole : Des ateliers de Calligraphie et de ha\u00efkus, de deux heures. Pour un maximum de 15 personnes. Toutes les fournitures sont amen\u00e9es (papier japonais, encre sumi, pinceaux japonais, protections des tables, &#8230;) Des d\u00e9monstrations de calligraphie de grand format. Faite&hellip; <a class=\"more-link\" href=\"http:\/\/assai.org\/?page_id=59&#038;lang=fr\">Poursuivre la lecture <span class=\"screen-reader-text\">Prestations<\/span><\/a><\/p>\n","protected":false},"author":1,"featured_media":0,"parent":0,"menu_order":0,"comment_status":"closed","ping_status":"closed","template":"","meta":[],"_links":{"self":[{"href":"http:\/\/assai.org\/index.php?rest_route=\/wp\/v2\/pages\/59"}],"collection":[{"href":"http:\/\/assai.org\/index.php?rest_route=\/wp\/v2\/pages"}],"about":[{"href":"http:\/\/assai.org\/index.php?rest_route=\/wp\/v2\/types\/page"}],"author":[{"embeddable":true,"href":"http:\/\/assai.org\/index.php?rest_route=\/wp\/v2\/users\/1"}],"replies":[{"embeddable":true,"href":"http:\/\/assai.org\/index.php?rest_route=%2Fwp%2Fv2%2Fcomments&post=59"}],"version-history":[{"count":3,"href":"http:\/\/assai.org\/index.php?rest_route=\/wp\/v2\/pages\/59\/revisions"}],"predecessor-version":[{"id":196,"href":"http:\/\/assai.org\/index.php?rest_route=\/wp\/v2\/pages\/59\/revisions\/196"}],"wp:attachment":[{"href":"http:\/\/assai.org\/index.php?rest_route=%2Fwp%2Fv2%2Fmedia&parent=59"}],"curies":[{"name":"wp","href":"https:\/\/api.w.org\/{rel}","templated":true}]}}